{"id":299,"date":"2019-10-17T18:56:38","date_gmt":"2019-10-17T18:56:38","guid":{"rendered":"http:\/\/rochib.com\/?page_id=299"},"modified":"2019-10-21T17:07:14","modified_gmt":"2019-10-21T17:07:14","slug":"to-amenidades-y-servicios","status":"publish","type":"page","link":"https:\/\/rochib.com\/?page_id=299","title":{"rendered":"TO Amenidades y servicios"},"content":{"rendered":"<div class=\"VariableBottomHeight-exPtNz djGNcI\">\n<div class=\"GridContainer-dWwmRy jAiyOC\">\n<div class=\"GridRow-jyRKfm cspXHn\">\n<div class=\"GridColumn-khBkHc fjkCeg\">\n<div class=\"GridRow-jyRKfm cspXHn\">\n<div class=\"GridColumn-khBkHc jyBNEY\">\n<h2 class=\"Text-bbIbrg bjaFVN\">Amenidades y servicios<\/h2>\n<\/div>\n<\/div>\n<div class=\"GridRow-jyRKfm cspXHn\">\n<div class=\"GridColumn-khBkHc jyBNEY\">\n<div class=\"titleCopy__SmallText-kopCWt LmoDT\">Conc\u00e9ntrate en tu trabajo. Nosotros nos ocupamos de lo dem\u00e1s.<\/div>\n<\/div>\n<\/div>\n<\/div>\n<\/div>\n<\/div>\n<\/div>\n<div class=\"GridContainer-dWwmRy jAiyOC\">\n<div class=\"GridWithOptionalHeader__WrapperNegSpacing-hopCLD hdxbMN\">\n<div class=\"GridRow-jyRKfm cspXHn\">\n<div class=\"GridColumn-khBkHc bkefZW\">\n<div class=\"GridRow-jyRKfm cspXHn\">\n<div class=\"GridColumn-khBkHc jyBNEY\">\n<div class=\"AspectRatioImage-kQJgkz fIrxfY\">\n<div class=\"imageInfoGrid__ImageFullWidth-w67spb-1 dPLzCI image__image__1Ucdd image__Background-sc-19fpb93-0 jKrFEk\" data-selector=\"image\" data-background-image=\"\/\/cdn.wework.com\/6vy33zo2mgy3\/7c9HzUmnEAYS804mC4Gyia\/7bfe750360e8ef71ed01cee86e2cea81\/SPO-1.1.jpg?auto=compress&amp;faces=false&amp;w=500&amp;fit=fill&amp;dpr=1&amp;h=\" data-loaded=\"true\"><\/div>\n<\/div>\n<\/div>\n<div class=\"GridColumn-khBkHc jyBNEY\">\n<div class=\"imageInfoCard__VerticalAlign-sc-16j58lg-1 bZGYDH\">\n<div class=\"imageInfoCard__InteriorVerticalAlign-sc-16j58lg-2 hmgmaH\">\n<h2 class=\"title2\">Espacio<\/h2>\n<ul>\n<li class=\"show-list-decoration\">Acceso a los edificio con servicio de concierge<\/li>\n<li class=\"show-list-decoration\">\u00c1reas comunes y ba\u00f1os<\/li>\n<li>Telefonos inalambricos<\/li>\n<li class=\"show-list-decoration\">Wi-Fi de alta velocidad<\/li>\n<li class=\"show-list-decoration\">Salas de reuniones<\/li>\n<li class=\"show-list-decoration\">Cocinas minimalistas<\/li>\n<\/ul>\n<\/div>\n<\/div>\n<\/div>\n<\/div>\n<\/div>\n<div class=\"GridColumn-khBkHc bkefZW\">\n<div class=\"GridRow-jyRKfm cspXHn\">\n<div class=\"GridColumn-khBkHc jyBNEY\">\n<div class=\"AspectRatioImage-kQJgkz fIrxfY\">\n<div class=\"imageInfoGrid__ImageFullWidth-w67spb-1 dPLzCI image__image__1Ucdd image__Background-sc-19fpb93-0 jKrFEk\" data-selector=\"image\" data-background-image=\"\/\/cdn.wework.com\/6vy33zo2mgy3\/7IzqRNe3cUByNrAIYlS1Rq\/e56ab5a74d0f143bad55f6b39485dbf5\/webimage-2DDAAC0E-E3E4-4973-81E1DD5C280A3B57.jpg?auto=compress&amp;faces=false&amp;w=500&amp;fit=fill&amp;dpr=1&amp;h=\" data-loaded=\"true\"><\/div>\n<\/div>\n<\/div>\n<div class=\"GridColumn-khBkHc jyBNEY\">\n<div class=\"imageInfoCard__VerticalAlign-sc-16j58lg-1 bZGYDH\">\n<div class=\"imageInfoCard__InteriorVerticalAlign-sc-16j58lg-2 hmgmaH\">\n<h2 class=\"title2\">Servicios<\/h2>\n<ul>\n<li class=\"show-list-decoration\">Recepci\u00f3n y recepci\u00f3n para invitados<\/li>\n<li class=\"show-list-decoration\">Impresi\u00f3n empresarial<\/li>\n<li class=\"show-list-decoration\">Gesti\u00f3n del correo y paqueter\u00eda<\/li>\n<li class=\"show-list-decoration\">Limpieza<\/li>\n<li class=\"show-list-decoration\">Operaciones del edificio<\/li>\n<li class=\"show-list-decoration\">Proceso de facturaci\u00f3n simplificado<\/li>\n<\/ul>\n<\/div>\n<\/div>\n<\/div>\n<\/div>\n<\/div>\n<div class=\"GridColumn-khBkHc bkefZW\">\n<div class=\"GridRow-jyRKfm cspXHn\">\n<div class=\"GridColumn-khBkHc jyBNEY\">\n<div class=\"AspectRatioImage-kQJgkz fIrxfY\">\n<div class=\"imageInfoGrid__ImageFullWidth-w67spb-1 dPLzCI image__image__1Ucdd image__Background-sc-19fpb93-0 jKrFEk\" data-selector=\"image\" data-background-image=\"\/\/cdn.wework.com\/6vy33zo2mgy3\/5yU6UNGdbOAmca4CG2WwyW\/8fb575b66ce0b8a0ebbdf2c1966c19ee\/SPO-3.3.jpg?auto=compress&amp;faces=false&amp;w=500&amp;fit=fill&amp;dpr=1&amp;h=\" data-loaded=\"true\"><\/div>\n<\/div>\n<\/div>\n<div class=\"GridColumn-khBkHc jyBNEY\">\n<div class=\"imageInfoCard__VerticalAlign-sc-16j58lg-1 bZGYDH\">\n<div class=\"imageInfoCard__InteriorVerticalAlign-sc-16j58lg-2 hmgmaH\">\n<h2 class=\"title2\">Ventajas<\/h2>\n<ul>\n<li class=\"show-list-decoration\">Caf\u00e9 y t\u00e9 de hierbas<\/li>\n<li class=\"show-list-decoration\">Agua de frutas<\/li>\n<li class=\"show-list-decoration\">Eventos y conferencias<\/li>\n<li class=\"show-list-decoration\">Servicio de comidas<\/li>\n<li class=\"show-list-decoration\">Espacios \u00fanicos (por ejemplo, lounges en el techo)<\/li>\n<li class=\"show-list-decoration\">Zonas deseables<\/li>\n<\/ul>\n<\/div>\n<\/div>\n<\/div>\n<\/div>\n<\/div>\n<div class=\"GridColumn-khBkHc bkefZW\">\n<div class=\"GridRow-jyRKfm cspXHn\">\n<div class=\"GridColumn-khBkHc jyBNEY\">\n<div class=\"AspectRatioImage-kQJgkz fIrxfY\">\n<div class=\"imageInfoGrid__ImageFullWidth-w67spb-1 dPLzCI image__image__1Ucdd image__Background-sc-19fpb93-0 jKrFEk\" data-selector=\"image\" data-background-image=\"\/\/cdn.wework.com\/6vy33zo2mgy3\/x85UhYXhTlBllfhT44GMj\/0d284b4a0ff472510fd3ae8bec9525e0\/webimage-33706706-A955-4342-8D70EA3A81115B14.jpg?auto=compress&amp;faces=false&amp;w=500&amp;fit=fill&amp;dpr=1&amp;h=\" data-loaded=\"true\"><\/div>\n<\/div>\n<\/div>\n<div class=\"GridColumn-khBkHc jyBNEY\">\n<div class=\"imageInfoCard__VerticalAlign-sc-16j58lg-1 bZGYDH\">\n<div class=\"imageInfoCard__InteriorVerticalAlign-sc-16j58lg-2 hmgmaH\">\n<h2 class=\"title2\">M\u00e1s y m\u00e1s all\u00e1<\/h2>\n<ul>\n<li class=\"show-list-decoration\">Apoyo in situ del Community Manager<\/li>\n<li class=\"show-list-decoration\">Acuerdos flexibles de membres\u00eda<\/li>\n<li class=\"show-list-decoration\">Posibilidad de reservar salas en otras ubicaciones (pueden aplicarse tarifas adicionales)<\/li>\n<li class=\"show-list-decoration\">Invitados ilimitados<\/li>\n<li class=\"show-list-decoration\">Conexi\u00f3n con la comunidad a trav\u00e9s de la Red de miembros<\/li>\n<\/ul>\n<\/div>\n<\/div>\n<\/div>\n<\/div>\n<\/div>\n<\/div>\n<\/div>\n<\/div>\n","protected":false},"excerpt":{"rendered":"<p>Amenidades y servicios Conc\u00e9ntrate en tu trabajo. Nosotros nos ocupamos de lo dem\u00e1s. Espacio Acceso a los edificio con servicio de concierge \u00c1reas comunes y ba\u00f1os Telefonos inalambricos Wi-Fi de alta velocidad Salas de reuniones Cocinas minimalistas Servicios Recepci\u00f3n y recepci\u00f3n para invitados Impresi\u00f3n empresarial Gesti\u00f3n del correo y paqueter\u00eda Limpieza Operaciones del edificio Proceso [&hellip;]<\/p>\n","protected":false},"author":1,"featured_media":335,"parent":0,"menu_order":0,"comment_status":"closed","ping_status":"closed","template":"","meta":[],"_links":{"self":[{"href":"https:\/\/rochib.com\/index.php?rest_route=\/wp\/v2\/pages\/299"}],"collection":[{"href":"https:\/\/rochib.com\/index.php?rest_route=\/wp\/v2\/pages"}],"about":[{"href":"https:\/\/rochib.com\/index.php?rest_route=\/wp\/v2\/types\/page"}],"author":[{"embeddable":true,"href":"https:\/\/rochib.com\/index.php?rest_route=\/wp\/v2\/users\/1"}],"replies":[{"embeddable":true,"href":"https:\/\/rochib.com\/index.php?rest_route=%2Fwp%2Fv2%2Fcomments&post=299"}],"version-history":[{"count":2,"href":"https:\/\/rochib.com\/index.php?rest_route=\/wp\/v2\/pages\/299\/revisions"}],"predecessor-version":[{"id":338,"href":"https:\/\/rochib.com\/index.php?rest_route=\/wp\/v2\/pages\/299\/revisions\/338"}],"wp:featuredmedia":[{"embeddable":true,"href":"https:\/\/rochib.com\/index.php?rest_route=\/wp\/v2\/media\/335"}],"wp:attachment":[{"href":"https:\/\/rochib.com\/index.php?rest_route=%2Fwp%2Fv2%2Fmedia&parent=299"}],"curies":[{"name":"wp","href":"https:\/\/api.w.org\/{rel}","templated":true}]}}